{"id":307,"date":"2025-07-13T13:20:19","date_gmt":"2025-07-13T11:20:19","guid":{"rendered":"https:\/\/blog.norisk.gg\/?page_id=307"},"modified":"2025-09-19T00:03:56","modified_gmt":"2025-09-18T22:03:56","slug":"impressum","status":"publish","type":"page","link":"https:\/\/blog.norisk.gg\/en\/impressum\/","title":{"rendered":"Impressum"},"content":{"rendered":"<h4 class=\"wp-block-heading\">Impressum nach \u00a75 DDG<\/h4>\n\n\n\n<p>Palior UG (haftungsbeschr\u00e4nkt)<br>Roonstra\u00dfe 23a <br>76137 Karlsruhe <br>Deutschland<\/p>\n\n\n\n<p>Telefon: +49 72161900411<br>E-Mail: norisk@palior.com<br><br>Gesch\u00e4ftsf\u00fchrer: Darius Aurich<br>Handelsregister: Amtsgericht Mannheim<br>HRB: 755138<br>USt-IdNr.: DE456337631<\/p>\n\n\n\n<h4 class=\"wp-block-heading\">Disclaimer \u2013 rechtliche Hinweise<\/h4>\n\n\n\n<p>\u00a7 1. Haftungsausschluss: Die Inhalte dieses Onlineangebotes wurden sorgf\u00e4ltig und nach unserem aktuellen Kenntnisstand erstellt, dienen jedoch nur der Information und entfalten keine rechtlich bindende Wirkung, sofern es sich nicht um gesetzlich verpflichtende Informationen (z.B. das Impressum, die Datenschutzerkl\u00e4rung, AGB oder verpflichtende Belehrungen von Verbrauchern) handelt. Wir behalten uns vor, die Inhalte vollst\u00e4ndig oder teilweise zu \u00e4ndern oder zu l\u00f6schen, soweit vertragliche Verpflichtungen unber\u00fchrt bleiben. Alle Angebote sind freibleibend und unverbindlich.<\/p>\n\n\n\n<p>\u00a7 2. Links auf fremde Webseiten: Die Inhalte fremder Webseiten, auf die wir direkt oder indirekt verweisen, liegen au\u00dferhalb unseres Verantwortungsbereiches und wir machen sie uns nicht zu Eigen. F\u00fcr alle Inhalte und Nachteile, die aus der Nutzung der in den verlinkten Webseiten aufrufbaren Informationen entstehen, \u00fcbernehmen wir keine Verantwortung.<\/p>\n\n\n\n<p>\u00a7 3. Urheberrechte und Markenrechte: Alle auf dieser Website dargestellten Inhalte, wie Texte, Fotografien, Grafiken, Marken und Warenzeichen sind durch die jeweiligen Schutzrechte (Urheberrechte, Markenrechte) gesch\u00fctzt. Die Verwendung, Vervielf\u00e4ltigung usw. unterliegen unseren Rechten oder den Rechten der jeweiligen Urheber bzw. Rechteinhaber.<\/p>\n\n\n\n<p><\/p>\n\n\n\n<p><\/p>","protected":false},"excerpt":{"rendered":"<p>Impressum nach \u00a75 DDG Palior UG (haftungsbeschr\u00e4nkt)Roonstra\u00dfe 23a 76137 Karlsruhe Deutschland Telefon: +49 72161900411E-Mail: norisk@palior.com Gesch\u00e4ftsf\u00fchrer: Darius AurichHandelsregister: Amtsgericht MannheimHRB: 755138USt-IdNr.: DE456337631 Disclaimer \u2013 rechtliche Hinweise \u00a7 1. Haftungsausschluss: Die Inhalte dieses Onlineangebotes wurden sorgf\u00e4ltig und nach unserem aktuellen Kenntnisstand erstellt, dienen jedoch nur der Information und entfalten keine rechtlich bindende Wirkung, sofern es sich [&hellip;]<\/p>","protected":false},"author":6,"featured_media":0,"parent":0,"menu_order":0,"comment_status":"closed","ping_status":"closed","template":"","meta":{"footnotes":""},"class_list":["post-307","page","type-page","status-publish","hentry"],"yoast_head":"<!-- This site is optimized with the Yoast SEO plugin v25.2 - https:\/\/yoast.com\/wordpress\/plugins\/seo\/ -->\n<title>Impressum - NoRisk Client Blog<\/title>\n<meta name=\"robots\" content=\"noindex, follow, max-snippet:-1, max-image-preview:large, max-video-preview:-1\" \/>\n<meta property=\"og:locale\" content=\"en_US\" \/>\n<meta property=\"og:type\" content=\"article\" \/>\n<meta property=\"og:title\" content=\"Impressum - NoRisk Client Blog\" \/>\n<meta property=\"og:description\" content=\"Impressum nach \u00a75 DDG Palior UG (haftungsbeschr\u00e4nkt)Roonstra\u00dfe 23a 76137 Karlsruhe Deutschland Telefon: +49 72161900411E-Mail: norisk@palior.com Gesch\u00e4ftsf\u00fchrer: Darius AurichHandelsregister: Amtsgericht MannheimHRB: 755138USt-IdNr.: DE456337631 Disclaimer \u2013 rechtliche Hinweise \u00a7 1. Haftungsausschluss: Die Inhalte dieses Onlineangebotes wurden sorgf\u00e4ltig und nach unserem aktuellen Kenntnisstand erstellt, dienen jedoch nur der Information und entfalten keine rechtlich bindende Wirkung, sofern es sich [&hellip;]\" \/>\n<meta property=\"og:url\" content=\"https:\/\/blog.norisk.gg\/en\/impressum\/\" \/>\n<meta property=\"og:site_name\" content=\"NoRisk Client Blog\" \/>\n<meta property=\"article:modified_time\" content=\"2025-09-18T22:03:56+00:00\" \/>\n<meta name=\"twitter:card\" content=\"summary_large_image\" \/>\n<meta name=\"twitter:label1\" content=\"Est. reading time\" \/>\n\t<meta name=\"twitter:data1\" content=\"2 minutes\" \/>\n<script type=\"application\/ld+json\" class=\"yoast-schema-graph\">{\"@context\":\"https:\/\/schema.org\",\"@graph\":[{\"@type\":\"WebPage\",\"@id\":\"https:\/\/blog.norisk.gg\/impressum\/\",\"url\":\"https:\/\/blog.norisk.gg\/impressum\/\",\"name\":\"Impressum - NoRisk Client Blog\",\"isPartOf\":{\"@id\":\"https:\/\/blog.norisk.gg\/#website\"},\"datePublished\":\"2025-07-13T11:20:19+00:00\",\"dateModified\":\"2025-09-18T22:03:56+00:00\",\"breadcrumb\":{\"@id\":\"https:\/\/blog.norisk.gg\/impressum\/#breadcrumb\"},\"inLanguage\":\"en-US\",\"potentialAction\":[{\"@type\":\"ReadAction\",\"target\":[\"https:\/\/blog.norisk.gg\/impressum\/\"]}]},{\"@type\":\"BreadcrumbList\",\"@id\":\"https:\/\/blog.norisk.gg\/impressum\/#breadcrumb\",\"itemListElement\":[{\"@type\":\"ListItem\",\"position\":1,\"name\":\"Startseite\",\"item\":\"https:\/\/blog.norisk.gg\/\"},{\"@type\":\"ListItem\",\"position\":2,\"name\":\"Impressum\"}]},{\"@type\":\"WebSite\",\"@id\":\"https:\/\/blog.norisk.gg\/#website\",\"url\":\"https:\/\/blog.norisk.gg\/\",\"name\":\"NoRisk Client Blog\",\"description\":\"\",\"publisher\":{\"@id\":\"https:\/\/blog.norisk.gg\/#organization\"},\"potentialAction\":[{\"@type\":\"SearchAction\",\"target\":{\"@type\":\"EntryPoint\",\"urlTemplate\":\"https:\/\/blog.norisk.gg\/?s={search_term_string}\"},\"query-input\":{\"@type\":\"PropertyValueSpecification\",\"valueRequired\":true,\"valueName\":\"search_term_string\"}}],\"inLanguage\":\"en-US\"},{\"@type\":\"Organization\",\"@id\":\"https:\/\/blog.norisk.gg\/#organization\",\"name\":\"NoRisk Client\",\"url\":\"https:\/\/blog.norisk.gg\/\",\"logo\":{\"@type\":\"ImageObject\",\"inLanguage\":\"en-US\",\"@id\":\"https:\/\/blog.norisk.gg\/#\/schema\/logo\/image\/\",\"url\":\"https:\/\/blog.norisk.gg\/wp-content\/uploads\/2025\/06\/cropped-nrc_icon_white_256x256.png\",\"contentUrl\":\"https:\/\/blog.norisk.gg\/wp-content\/uploads\/2025\/06\/cropped-nrc_icon_white_256x256.png\",\"width\":512,\"height\":512,\"caption\":\"NoRisk Client\"},\"image\":{\"@id\":\"https:\/\/blog.norisk.gg\/#\/schema\/logo\/image\/\"}}]}<\/script>\n<!-- \/ Yoast SEO plugin. -->","yoast_head_json":{"title":"Impressum - NoRisk Client Blog","robots":{"index":"noindex","follow":"follow","max-snippet":"max-snippet:-1","max-image-preview":"max-image-preview:large","max-video-preview":"max-video-preview:-1"},"og_locale":"en_US","og_type":"article","og_title":"Impressum - NoRisk Client Blog","og_description":"Impressum nach \u00a75 DDG Palior UG (haftungsbeschr\u00e4nkt)Roonstra\u00dfe 23a 76137 Karlsruhe Deutschland Telefon: +49 72161900411E-Mail: norisk@palior.com Gesch\u00e4ftsf\u00fchrer: Darius AurichHandelsregister: Amtsgericht MannheimHRB: 755138USt-IdNr.: DE456337631 Disclaimer \u2013 rechtliche Hinweise \u00a7 1. Haftungsausschluss: Die Inhalte dieses Onlineangebotes wurden sorgf\u00e4ltig und nach unserem aktuellen Kenntnisstand erstellt, dienen jedoch nur der Information und entfalten keine rechtlich bindende Wirkung, sofern es sich [&hellip;]","og_url":"https:\/\/blog.norisk.gg\/en\/impressum\/","og_site_name":"NoRisk Client Blog","article_modified_time":"2025-09-18T22:03:56+00:00","twitter_card":"summary_large_image","twitter_misc":{"Est. reading time":"2 minutes"},"schema":{"@context":"https:\/\/schema.org","@graph":[{"@type":"WebPage","@id":"https:\/\/blog.norisk.gg\/impressum\/","url":"https:\/\/blog.norisk.gg\/impressum\/","name":"Impressum - NoRisk Client Blog","isPartOf":{"@id":"https:\/\/blog.norisk.gg\/#website"},"datePublished":"2025-07-13T11:20:19+00:00","dateModified":"2025-09-18T22:03:56+00:00","breadcrumb":{"@id":"https:\/\/blog.norisk.gg\/impressum\/#breadcrumb"},"inLanguage":"en-US","potentialAction":[{"@type":"ReadAction","target":["https:\/\/blog.norisk.gg\/impressum\/"]}]},{"@type":"BreadcrumbList","@id":"https:\/\/blog.norisk.gg\/impressum\/#breadcrumb","itemListElement":[{"@type":"ListItem","position":1,"name":"Startseite","item":"https:\/\/blog.norisk.gg\/"},{"@type":"ListItem","position":2,"name":"Impressum"}]},{"@type":"WebSite","@id":"https:\/\/blog.norisk.gg\/#website","url":"https:\/\/blog.norisk.gg\/","name":"NoRisk Client Blog","description":"","publisher":{"@id":"https:\/\/blog.norisk.gg\/#organization"},"potentialAction":[{"@type":"SearchAction","target":{"@type":"EntryPoint","urlTemplate":"https:\/\/blog.norisk.gg\/?s={search_term_string}"},"query-input":{"@type":"PropertyValueSpecification","valueRequired":true,"valueName":"search_term_string"}}],"inLanguage":"en-US"},{"@type":"Organization","@id":"https:\/\/blog.norisk.gg\/#organization","name":"NoRisk Client","url":"https:\/\/blog.norisk.gg\/","logo":{"@type":"ImageObject","inLanguage":"en-US","@id":"https:\/\/blog.norisk.gg\/#\/schema\/logo\/image\/","url":"https:\/\/blog.norisk.gg\/wp-content\/uploads\/2025\/06\/cropped-nrc_icon_white_256x256.png","contentUrl":"https:\/\/blog.norisk.gg\/wp-content\/uploads\/2025\/06\/cropped-nrc_icon_white_256x256.png","width":512,"height":512,"caption":"NoRisk Client"},"image":{"@id":"https:\/\/blog.norisk.gg\/#\/schema\/logo\/image\/"}}]}},"_links":{"self":[{"href":"https:\/\/blog.norisk.gg\/en\/wp-json\/wp\/v2\/pages\/307","targetHints":{"allow":["GET"]}}],"collection":[{"href":"https:\/\/blog.norisk.gg\/en\/wp-json\/wp\/v2\/pages"}],"about":[{"href":"https:\/\/blog.norisk.gg\/en\/wp-json\/wp\/v2\/types\/page"}],"author":[{"embeddable":true,"href":"https:\/\/blog.norisk.gg\/en\/wp-json\/wp\/v2\/users\/6"}],"replies":[{"embeddable":true,"href":"https:\/\/blog.norisk.gg\/en\/wp-json\/wp\/v2\/comments?post=307"}],"version-history":[{"count":11,"href":"https:\/\/blog.norisk.gg\/en\/wp-json\/wp\/v2\/pages\/307\/revisions"}],"predecessor-version":[{"id":353,"href":"https:\/\/blog.norisk.gg\/en\/wp-json\/wp\/v2\/pages\/307\/revisions\/353"}],"wp:attachment":[{"href":"https:\/\/blog.norisk.gg\/en\/wp-json\/wp\/v2\/media?parent=307"}],"curies":[{"name":"wp","href":"https:\/\/api.w.org\/{rel}","templated":true}]}}